{"id":2214,"date":"2020-01-13T22:07:56","date_gmt":"2020-01-13T22:07:56","guid":{"rendered":"http:\/\/akfalpinismo.com.br\/site2019\/?page_id=2214"},"modified":"2020-01-13T22:19:17","modified_gmt":"2020-01-13T22:19:17","slug":"blog-akf-alpinismo","status":"publish","type":"page","link":"https:\/\/akfalpinismo.com.br\/site2019\/blog-akf-alpinismo\/","title":{"rendered":"Blog"},"content":{"rendered":"<p>[vc_row type=&#8221;vc_default&#8221; css=&#8221;.vc_custom_1476008791393{padding-top: 70px !important;padding-bottom: 25px !important;}&#8221;][vc_column width=&#8221;1\/2&#8243; offset=&#8221;vc_col-lg-6 vc_col-md-6 vc_col-xs-12&#8243; css=&#8221;.vc_custom_1476005293248{padding-bottom: 50px !important;}&#8221;]<div id=\"ultimate-heading-4926a00c13d69eb7\" class=\"uvc-heading ult-adjust-bottom-margin ultimate-heading-4926a00c13d69eb7 uvc-2568 \" data-hspacer=\"no_spacer\"  data-halign=\"left\" style=\"text-align:left\"><div class=\"uvc-heading-spacer no_spacer\" style=\"top\"><\/div><div class=\"uvc-main-heading ult-responsive\"  data-ultimate-target='.uvc-heading.ultimate-heading-4926a00c13d69eb7 h2'  data-responsive-json-new='{\"font-size\":\"desktop:26px;\",\"line-height\":\"desktop:32px;\"}' ><h2 style=\"font-weight:bold;margin-bottom:20px;\">Nosso Blog<\/h2><\/div><\/div>[vc_column_text]Acompanhe nossas novidades por aqui. Sempre teremos um conte\u00fado interessante para compartilhar com voc\u00ea![\/vc_column_text][\/vc_column][vc_column width=&#8221;1\/2&#8243;][vc_single_image image=&#8221;2044&#8243; img_size=&#8221;medium&#8221;][\/vc_column][\/vc_row][vc_row][vc_column]<div class=\"dt-blog-shortcode slider-wrapper  owl-carousel dt-owl-carousel-init arrows-light enable-mobile-arrows bg-on description-under-image\" data-padding-side=\"20\" data-autoslide=\"true\" data-delay=\"3000\" data-loop=\"false\" data-arrows=\"true\">\n\n\t<article class=\"post post-2669 type-post status-publish format-standard has-post-thumbnail hentry category-alpinismo category-alpinismo-industrial category-alpinismo-predial category-33 category-34 category-36 bg-on description-off\">\n\n\t\t\n\t\t\t<div class=\"blog-media wf-td\">\n\n\t\t\t\t<p><a href=\"https:\/\/akfalpinismo.com.br\/site2019\/crescimento-de-emprego-na-industria\/\" class=\"alignnone rollover layzr-bg\" ><img loading=\"lazy\" decoding=\"async\" class=\"preload-me lazy-load\" src=\"data:image\/svg+xml,%3Csvg%20xmlns%3D&#39;http%3A%2F%2Fwww.w3.org%2F2000%2Fsvg&#39;%20viewBox%3D&#39;0%200%20315%20210&#39;%2F%3E\" data-src=\"https:\/\/akfalpinismo.com.br\/site2019\/wp-content\/uploads\/2024\/04\/fptfabrica_Jr79gik-315x210.jpg\" data-srcset=\"https:\/\/akfalpinismo.com.br\/site2019\/wp-content\/uploads\/2024\/04\/fptfabrica_Jr79gik-315x210.jpg 315w, https:\/\/akfalpinismo.com.br\/site2019\/wp-content\/uploads\/2024\/04\/fptfabrica_Jr79gik-630x420.jpg 630w\" alt=\"\" title=\"industria\" width=\"315\" height=\"210\"  \/><\/a><\/p>\n\t\t\t<\/div>\n\n\t\t\n\t\t<div class=\"blog-content wf-td\">\n\t\t\t<h3 class=\"entry-title\"><a href=\"https:\/\/akfalpinismo.com.br\/site2019\/crescimento-de-emprego-na-industria\/\" title=\"Crescimento-emprego-na-industria\" rel=\"bookmark\">Crescimento-emprego-na-industria<\/a><\/h3>\n\n\t\t\t<div class=\"entry-meta\"><a href=\"https:\/\/akfalpinismo.com.br\/site2019\/2024\/04\/23\/\" title=\"1:32 pm\" class=\"data-link\" rel=\"bookmark\"><time class=\"entry-date updated\" datetime=\"2024-04-23T13:32:27+00:00\">23\/04\/2024<\/time><\/a><\/div>\n\t\t<\/div>\n\n\t<\/article>\n\n\n\n\t<article class=\"post post-2659 type-post status-publish format-standard has-post-thumbnail hentry category-alpinismo category-alpinismo-industrial category-alpinismo-predial category-33 category-34 category-36 bg-on description-off\">\n\n\t\t\n\t\t\t<div class=\"blog-media wf-td\">\n\n\t\t\t\t<p><a href=\"https:\/\/akfalpinismo.com.br\/site2019\/industria-brasileira-cni-g20-b20\/\" class=\"alignnone rollover layzr-bg\" ><img loading=\"lazy\" decoding=\"async\" class=\"preload-me lazy-load\" src=\"data:image\/svg+xml,%3Csvg%20xmlns%3D&#39;http%3A%2F%2Fwww.w3.org%2F2000%2Fsvg&#39;%20viewBox%3D&#39;0%200%20210%20210&#39;%2F%3E\" data-src=\"https:\/\/akfalpinismo.com.br\/site2019\/wp-content\/uploads\/2024\/03\/AKF-ALPINISMO-INDUSTRIA-BRASILEIRA-G20-B20-210x210.png\" data-srcset=\"https:\/\/akfalpinismo.com.br\/site2019\/wp-content\/uploads\/2024\/03\/AKF-ALPINISMO-INDUSTRIA-BRASILEIRA-G20-B20-210x210.png 210w, https:\/\/akfalpinismo.com.br\/site2019\/wp-content\/uploads\/2024\/03\/AKF-ALPINISMO-INDUSTRIA-BRASILEIRA-G20-B20-420x420.png 420w\" alt=\"\" title=\"AKF-ALPINISMO-INDUSTRIA-BRASILEIRA-G20-B20\" width=\"210\" height=\"210\"  \/><\/a><\/p>\n\t\t\t<\/div>\n\n\t\t\n\t\t<div class=\"blog-content wf-td\">\n\t\t\t<h3 class=\"entry-title\"><a href=\"https:\/\/akfalpinismo.com.br\/site2019\/industria-brasileira-cni-g20-b20\/\" title=\"A ind\u00fastria brasileira no comando do B20\" rel=\"bookmark\">A ind\u00fastria brasileira no comando do B20<\/a><\/h3>\n\n\t\t\t<div class=\"entry-meta\"><a href=\"https:\/\/akfalpinismo.com.br\/site2019\/2024\/03\/13\/\" title=\"11:37 am\" class=\"data-link\" rel=\"bookmark\"><time class=\"entry-date updated\" datetime=\"2024-03-13T11:37:29+00:00\">13\/03\/2024<\/time><\/a><\/div>\n\t\t<\/div>\n\n\t<\/article>\n\n\n\n\t<article class=\"post post-2645 type-post status-publish format-standard has-post-thumbnail hentry category-alpinismo category-alpinismo-industrial category-alpinismo-predial category-33 category-34 category-36 bg-on description-off\">\n\n\t\t\n\t\t\t<div class=\"blog-media wf-td\">\n\n\t\t\t\t<p><a href=\"https:\/\/akfalpinismo.com.br\/site2019\/industrializacao-em-alta\/\" class=\"alignnone rollover layzr-bg\" ><img loading=\"lazy\" decoding=\"async\" class=\"preload-me lazy-load\" src=\"data:image\/svg+xml,%3Csvg%20xmlns%3D&#39;http%3A%2F%2Fwww.w3.org%2F2000%2Fsvg&#39;%20viewBox%3D&#39;0%200%20314%20210&#39;%2F%3E\" data-src=\"https:\/\/akfalpinismo.com.br\/site2019\/wp-content\/uploads\/2024\/02\/image00044-aengovbr-Jose-Fernando-OguraAEN-scaled-314x210.jpg\" data-srcset=\"https:\/\/akfalpinismo.com.br\/site2019\/wp-content\/uploads\/2024\/02\/image00044-aengovbr-Jose-Fernando-OguraAEN-scaled-314x210.jpg 314w, https:\/\/akfalpinismo.com.br\/site2019\/wp-content\/uploads\/2024\/02\/image00044-aengovbr-Jose-Fernando-OguraAEN-scaled-628x420.jpg 628w\" alt=\"FOTO: Jose Fernando OguraAEN\" title=\"Governador Carlos Massa Ratinho Junior na AUDI &#8211;\" width=\"314\" height=\"210\"  \/><\/a><\/p>\n\t\t\t<\/div>\n\n\t\t\n\t\t<div class=\"blog-content wf-td\">\n\t\t\t<h3 class=\"entry-title\"><a href=\"https:\/\/akfalpinismo.com.br\/site2019\/industrializacao-em-alta\/\" title=\"Industrializa\u00e7\u00e3o em Alta\" rel=\"bookmark\">Industrializa\u00e7\u00e3o em Alta<\/a><\/h3>\n\n\t\t\t<div class=\"entry-meta\"><a href=\"https:\/\/akfalpinismo.com.br\/site2019\/2024\/02\/21\/\" title=\"11:12 am\" class=\"data-link\" rel=\"bookmark\"><time class=\"entry-date updated\" datetime=\"2024-02-21T11:12:33+00:00\">21\/02\/2024<\/time><\/a><\/div>\n\t\t<\/div>\n\n\t<\/article>\n\n\n\n\t<article class=\"post post-2592 type-post status-publish format-standard has-post-thumbnail hentry category-alpinismo category-alpinismo-industrial category-alpinismo-predial category-servicos category-servicos-alpinismo-industrial category-servicos-de-alpinismo-predial tag-acesso-por-cordas tag-acesso-por-cordas-bc tag-acesso-por-cordas-curitiba tag-acesso-por-cordas-itapema tag-acesso-por-cordas-jvlle tag-acesso-por-cordas-parana tag-acesso-por-cordas-pr tag-acesso-por-cordas-sc tag-alpinismo-industrial tag-alpinismo-industrial-balneario-camboriu tag-alpinismo-industrial-joinville tag-alpinismo-industrial-jvlle tag-alpinismo-industrial-parana tag-alpinismo-industrial-pr tag-alpinismo-industrial-sc tag-construcao tag-construcao-civil tag-inspecao-industrial tag-manutencao tag-manutencao-industrial tag-pintura-industrial tag-rapel-industrial-balneario-camboriu tag-rapel-industrial-curitiba tag-rapel-industrial-itapema tag-rapel-industrial-joinville tag-rapel-industrial-jvlle tag-rapel-industrial-parana tag-rapel-industrial-pr tag-reparo tag-restauracao-de-fachada tag-servicos-em-altura category-33 category-34 category-36 category-37 category-45 category-90 bg-on description-off\">\n\n\t\t\n\t\t\t<div class=\"blog-media wf-td\">\n\n\t\t\t\t<p><a href=\"https:\/\/akfalpinismo.com.br\/site2019\/curso-resgatista-janeiro-2024\/\" class=\"alignnone rollover layzr-bg\" ><img loading=\"lazy\" decoding=\"async\" class=\"preload-me lazy-load\" src=\"data:image\/svg+xml,%3Csvg%20xmlns%3D&#39;http%3A%2F%2Fwww.w3.org%2F2000%2Fsvg&#39;%20viewBox%3D&#39;0%200%20314%20210&#39;%2F%3E\" data-src=\"https:\/\/akfalpinismo.com.br\/site2019\/wp-content\/uploads\/2024\/01\/industria-parana-akf-alpinismo-manutencao-resgate-treinamentos-5-scaled-314x210.jpg\" data-srcset=\"https:\/\/akfalpinismo.com.br\/site2019\/wp-content\/uploads\/2024\/01\/industria-parana-akf-alpinismo-manutencao-resgate-treinamentos-5-scaled-314x210.jpg 314w, https:\/\/akfalpinismo.com.br\/site2019\/wp-content\/uploads\/2024\/01\/industria-parana-akf-alpinismo-manutencao-resgate-treinamentos-5-scaled-628x420.jpg 628w\" alt=\"\" title=\"Industrial factory worker in protective equipment standing on metal staircase of production plant.\" width=\"314\" height=\"210\"  \/><\/a><\/p>\n\t\t\t<\/div>\n\n\t\t\n\t\t<div class=\"blog-content wf-td\">\n\t\t\t<h3 class=\"entry-title\"><a href=\"https:\/\/akfalpinismo.com.br\/site2019\/curso-resgatista-janeiro-2024\/\" title=\"Curso Resgatista &#8211; janeiro\/2024\" rel=\"bookmark\">Curso Resgatista &#8211; janeiro\/2024<\/a><\/h3>\n\n\t\t\t<div class=\"entry-meta\"><a href=\"https:\/\/akfalpinismo.com.br\/site2019\/2024\/01\/19\/\" title=\"11:20 am\" class=\"data-link\" rel=\"bookmark\"><time class=\"entry-date updated\" datetime=\"2024-01-19T11:20:48+00:00\">19\/01\/2024<\/time><\/a><\/div>\n\t\t<\/div>\n\n\t<\/article>\n\n<\/div>[\/vc_column][\/vc_row]<\/p>\n","protected":false},"excerpt":{"rendered":"<p>[vc_row type=&#8221;vc_default&#8221; css=&#8221;.vc_custom_1476008791393{padding-top: 70px !important;padding-bottom: 25px !important;}&#8221;][vc_column width=&#8221;1\/2&#8243; offset=&#8221;vc_col-lg-6 vc_col-md-6 vc_col-xs-12&#8243; css=&#8221;.vc_custom_1476005293248{padding-bottom: 50px !important;}&#8221;][vc_column_text]Acompanhe nossas novidades por aqui. Sempre teremos um conte\u00fado interessante para compartilhar com voc\u00ea![\/vc_column_text][\/vc_column][vc_column width=&#8221;1\/2&#8243;][vc_single_image image=&#8221;2044&#8243; img_size=&#8221;medium&#8221;][\/vc_column][\/vc_row][vc_row][vc_column][\/vc_column][\/vc_row]<\/p>\n","protected":false},"author":3,"featured_media":0,"parent":0,"menu_order":0,"comment_status":"closed","ping_status":"closed","template":"","meta":{"_monsterinsights_skip_tracking":false,"_monsterinsights_sitenote_active":false,"_monsterinsights_sitenote_note":"","_monsterinsights_sitenote_category":0},"yoast_head":"<!-- This site is optimized with the Yoast SEO plugin v22.5 - https:\/\/yoast.com\/wordpress\/plugins\/seo\/ -->\n<title>Blog | AKF APINISMO<\/title>\n<meta name=\"robots\" content=\"index, follow, max-snippet:-1, max-image-preview:large, max-video-preview:-1\" \/>\n<link rel=\"canonical\" href=\"https:\/\/akfalpinismo.com.br\/site2019\/blog-akf-alpinismo\/\" \/>\n<meta property=\"og:locale\" content=\"pt_BR\" \/>\n<meta property=\"og:type\" content=\"article\" \/>\n<meta property=\"og:title\" content=\"Blog | AKF APINISMO\" \/>\n<meta property=\"og:description\" content=\"[vc_row type=&#8221;vc_default&#8221; css=&#8221;.vc_custom_1476008791393{padding-top: 70px !important;padding-bottom: 25px !important;}&#8221;][vc_column width=&#8221;1\/2&#8243; offset=&#8221;vc_col-lg-6 vc_col-md-6 vc_col-xs-12&#8243; css=&#8221;.vc_custom_1476005293248{padding-bottom: 50px !important;}&#8221;][vc_column_text]Acompanhe nossas novidades por aqui. Sempre teremos um conte\u00fado interessante para compartilhar com voc\u00ea![\/vc_column_text][\/vc_column][vc_column width=&#8221;1\/2&#8243;][vc_single_image image=&#8221;2044&#8243; img_size=&#8221;medium&#8221;][\/vc_column][\/vc_row][vc_row][vc_column][\/vc_column][\/vc_row]\" \/>\n<meta property=\"og:url\" content=\"https:\/\/akfalpinismo.com.br\/site2019\/blog-akf-alpinismo\/\" \/>\n<meta property=\"og:site_name\" content=\"AKF APINISMO\" \/>\n<meta property=\"article:publisher\" content=\"https:\/\/www.facebook.com\/AKF-Alpinismo-103571307846644\/\" \/>\n<meta property=\"article:modified_time\" content=\"2020-01-13T22:19:17+00:00\" \/>\n<meta name=\"twitter:card\" content=\"summary_large_image\" \/>\n<meta name=\"twitter:label1\" content=\"Est. tempo de leitura\" \/>\n\t<meta name=\"twitter:data1\" content=\"1 minuto\" \/>\n<script type=\"application\/ld+json\" class=\"yoast-schema-graph\">{\"@context\":\"https:\/\/schema.org\",\"@graph\":[{\"@type\":\"WebPage\",\"@id\":\"https:\/\/akfalpinismo.com.br\/site2019\/blog-akf-alpinismo\/\",\"url\":\"https:\/\/akfalpinismo.com.br\/site2019\/blog-akf-alpinismo\/\",\"name\":\"Blog | AKF APINISMO\",\"isPartOf\":{\"@id\":\"https:\/\/akfalpinismo.com.br\/site2019\/#website\"},\"datePublished\":\"2020-01-13T22:07:56+00:00\",\"dateModified\":\"2020-01-13T22:19:17+00:00\",\"breadcrumb\":{\"@id\":\"https:\/\/akfalpinismo.com.br\/site2019\/blog-akf-alpinismo\/#breadcrumb\"},\"inLanguage\":\"pt-BR\",\"potentialAction\":[{\"@type\":\"ReadAction\",\"target\":[\"https:\/\/akfalpinismo.com.br\/site2019\/blog-akf-alpinismo\/\"]}]},{\"@type\":\"BreadcrumbList\",\"@id\":\"https:\/\/akfalpinismo.com.br\/site2019\/blog-akf-alpinismo\/#breadcrumb\",\"itemListElement\":[{\"@type\":\"ListItem\",\"position\":1,\"name\":\"In\u00edcio\",\"item\":\"https:\/\/akfalpinismo.com.br\/site2019\/\"},{\"@type\":\"ListItem\",\"position\":2,\"name\":\"Blog\"}]},{\"@type\":\"WebSite\",\"@id\":\"https:\/\/akfalpinismo.com.br\/site2019\/#website\",\"url\":\"https:\/\/akfalpinismo.com.br\/site2019\/\",\"name\":\"AKF APINISMO\",\"description\":\"Alpinismo Industrial e Predial | Presta\u00e7\u00e3o de Servi\u00e7os de Manuten\u00e7\u00e3o | Linhas de Vida\",\"publisher\":{\"@id\":\"https:\/\/akfalpinismo.com.br\/site2019\/#organization\"},\"potentialAction\":[{\"@type\":\"SearchAction\",\"target\":{\"@type\":\"EntryPoint\",\"urlTemplate\":\"https:\/\/akfalpinismo.com.br\/site2019\/?s={search_term_string}\"},\"query-input\":\"required name=search_term_string\"}],\"inLanguage\":\"pt-BR\"},{\"@type\":\"Organization\",\"@id\":\"https:\/\/akfalpinismo.com.br\/site2019\/#organization\",\"name\":\"Akf Alpinismo\",\"url\":\"https:\/\/akfalpinismo.com.br\/site2019\/\",\"logo\":{\"@type\":\"ImageObject\",\"inLanguage\":\"pt-BR\",\"@id\":\"https:\/\/akfalpinismo.com.br\/site2019\/#\/schema\/logo\/image\/\",\"url\":\"https:\/\/akfalpinismo.com.br\/site2019\/wp-content\/uploads\/2019\/12\/AKF-ALPINISMO-logo-color-100px.png\",\"contentUrl\":\"https:\/\/akfalpinismo.com.br\/site2019\/wp-content\/uploads\/2019\/12\/AKF-ALPINISMO-logo-color-100px.png\",\"width\":100,\"height\":42,\"caption\":\"Akf Alpinismo\"},\"image\":{\"@id\":\"https:\/\/akfalpinismo.com.br\/site2019\/#\/schema\/logo\/image\/\"},\"sameAs\":[\"https:\/\/www.facebook.com\/AKF-Alpinismo-103571307846644\/\"]}]}<\/script>\n<!-- \/ Yoast SEO plugin. -->","yoast_head_json":{"title":"Blog | AKF APINISMO","robots":{"index":"index","follow":"follow","max-snippet":"max-snippet:-1","max-image-preview":"max-image-preview:large","max-video-preview":"max-video-preview:-1"},"canonical":"https:\/\/akfalpinismo.com.br\/site2019\/blog-akf-alpinismo\/","og_locale":"pt_BR","og_type":"article","og_title":"Blog | AKF APINISMO","og_description":"[vc_row type=&#8221;vc_default&#8221; css=&#8221;.vc_custom_1476008791393{padding-top: 70px !important;padding-bottom: 25px !important;}&#8221;][vc_column width=&#8221;1\/2&#8243; offset=&#8221;vc_col-lg-6 vc_col-md-6 vc_col-xs-12&#8243; css=&#8221;.vc_custom_1476005293248{padding-bottom: 50px !important;}&#8221;][vc_column_text]Acompanhe nossas novidades por aqui. Sempre teremos um conte\u00fado interessante para compartilhar com voc\u00ea![\/vc_column_text][\/vc_column][vc_column width=&#8221;1\/2&#8243;][vc_single_image image=&#8221;2044&#8243; img_size=&#8221;medium&#8221;][\/vc_column][\/vc_row][vc_row][vc_column][\/vc_column][\/vc_row]","og_url":"https:\/\/akfalpinismo.com.br\/site2019\/blog-akf-alpinismo\/","og_site_name":"AKF APINISMO","article_publisher":"https:\/\/www.facebook.com\/AKF-Alpinismo-103571307846644\/","article_modified_time":"2020-01-13T22:19:17+00:00","twitter_card":"summary_large_image","twitter_misc":{"Est. tempo de leitura":"1 minuto"},"schema":{"@context":"https:\/\/schema.org","@graph":[{"@type":"WebPage","@id":"https:\/\/akfalpinismo.com.br\/site2019\/blog-akf-alpinismo\/","url":"https:\/\/akfalpinismo.com.br\/site2019\/blog-akf-alpinismo\/","name":"Blog | AKF APINISMO","isPartOf":{"@id":"https:\/\/akfalpinismo.com.br\/site2019\/#website"},"datePublished":"2020-01-13T22:07:56+00:00","dateModified":"2020-01-13T22:19:17+00:00","breadcrumb":{"@id":"https:\/\/akfalpinismo.com.br\/site2019\/blog-akf-alpinismo\/#breadcrumb"},"inLanguage":"pt-BR","potentialAction":[{"@type":"ReadAction","target":["https:\/\/akfalpinismo.com.br\/site2019\/blog-akf-alpinismo\/"]}]},{"@type":"BreadcrumbList","@id":"https:\/\/akfalpinismo.com.br\/site2019\/blog-akf-alpinismo\/#breadcrumb","itemListElement":[{"@type":"ListItem","position":1,"name":"In\u00edcio","item":"https:\/\/akfalpinismo.com.br\/site2019\/"},{"@type":"ListItem","position":2,"name":"Blog"}]},{"@type":"WebSite","@id":"https:\/\/akfalpinismo.com.br\/site2019\/#website","url":"https:\/\/akfalpinismo.com.br\/site2019\/","name":"AKF APINISMO","description":"Alpinismo Industrial e Predial | Presta\u00e7\u00e3o de Servi\u00e7os de Manuten\u00e7\u00e3o | Linhas de Vida","publisher":{"@id":"https:\/\/akfalpinismo.com.br\/site2019\/#organization"},"potentialAction":[{"@type":"SearchAction","target":{"@type":"EntryPoint","urlTemplate":"https:\/\/akfalpinismo.com.br\/site2019\/?s={search_term_string}"},"query-input":"required name=search_term_string"}],"inLanguage":"pt-BR"},{"@type":"Organization","@id":"https:\/\/akfalpinismo.com.br\/site2019\/#organization","name":"Akf Alpinismo","url":"https:\/\/akfalpinismo.com.br\/site2019\/","logo":{"@type":"ImageObject","inLanguage":"pt-BR","@id":"https:\/\/akfalpinismo.com.br\/site2019\/#\/schema\/logo\/image\/","url":"https:\/\/akfalpinismo.com.br\/site2019\/wp-content\/uploads\/2019\/12\/AKF-ALPINISMO-logo-color-100px.png","contentUrl":"https:\/\/akfalpinismo.com.br\/site2019\/wp-content\/uploads\/2019\/12\/AKF-ALPINISMO-logo-color-100px.png","width":100,"height":42,"caption":"Akf Alpinismo"},"image":{"@id":"https:\/\/akfalpinismo.com.br\/site2019\/#\/schema\/logo\/image\/"},"sameAs":["https:\/\/www.facebook.com\/AKF-Alpinismo-103571307846644\/"]}]}},"_links":{"self":[{"href":"https:\/\/akfalpinismo.com.br\/site2019\/wp-json\/wp\/v2\/pages\/2214"}],"collection":[{"href":"https:\/\/akfalpinismo.com.br\/site2019\/wp-json\/wp\/v2\/pages"}],"about":[{"href":"https:\/\/akfalpinismo.com.br\/site2019\/wp-json\/wp\/v2\/types\/page"}],"author":[{"embeddable":true,"href":"https:\/\/akfalpinismo.com.br\/site2019\/wp-json\/wp\/v2\/users\/3"}],"replies":[{"embeddable":true,"href":"https:\/\/akfalpinismo.com.br\/site2019\/wp-json\/wp\/v2\/comments?post=2214"}],"version-history":[{"count":5,"href":"https:\/\/akfalpinismo.com.br\/site2019\/wp-json\/wp\/v2\/pages\/2214\/revisions"}],"predecessor-version":[{"id":2225,"href":"https:\/\/akfalpinismo.com.br\/site2019\/wp-json\/wp\/v2\/pages\/2214\/revisions\/2225"}],"wp:attachment":[{"href":"https:\/\/akfalpinismo.com.br\/site2019\/wp-json\/wp\/v2\/media?parent=2214"}],"curies":[{"name":"wp","href":"https:\/\/api.w.org\/{rel}","templated":true}]}}