{"id":1113,"date":"2017-03-26T14:10:20","date_gmt":"2017-03-26T13:10:20","guid":{"rendered":"https:\/\/the7.io\/beauty-studio\/?page_id=1113"},"modified":"2020-01-13T13:38:54","modified_gmt":"2020-01-13T13:38:54","slug":"quem-somos","status":"publish","type":"page","link":"https:\/\/akfalpinismo.com.br\/site2019\/quem-somos\/","title":{"rendered":"Quem Somos"},"content":{"rendered":"<p>[vc_row type=&#8221;vc_default&#8221; css=&#8221;.vc_custom_1476008791393{padding-top: 70px !important;padding-bottom: 25px !important;}&#8221;][vc_column offset=&#8221;vc_col-lg-6 vc_col-md-6 vc_col-xs-12&#8243; css=&#8221;.vc_custom_1476005293248{padding-bottom: 50px !important;}&#8221;]<div id=\"ultimate-heading-52356a00beecf0e0d\" class=\"uvc-heading ult-adjust-bottom-margin ultimate-heading-52356a00beecf0e0d uvc-9645 \" data-hspacer=\"no_spacer\"  data-halign=\"left\" style=\"text-align:left\"><div class=\"uvc-heading-spacer no_spacer\" style=\"top\"><\/div><div class=\"uvc-main-heading ult-responsive\"  data-ultimate-target='.uvc-heading.ultimate-heading-52356a00beecf0e0d h2'  data-responsive-json-new='{\"font-size\":\"desktop:26px;\",\"line-height\":\"desktop:32px;\"}' ><h2 style=\"font-weight:bold;margin-bottom:20px;\">AKF ALPINISMO<\/h2><\/div><\/div>[vc_column_text]Temos o intuito de unir as T\u00e9cnicas de Acesso por cordas e servi\u00e7os de manuten\u00e7\u00e3o Industrial, Predial, Resgate e Treinamentos.<\/p>\n<p>Sempre trazendo inova\u00e7\u00e3o e tecnologia no modo de atuar, prezando por uma rigorosa gest\u00e3o de seguran\u00e7a, qualidade e cumprimento nos prazos estabelecidos aos servi\u00e7os.<\/p>\n<p>Toda nossa equipe possui qualifica\u00e7\u00e3o que atendem \u00e0s mais exigentes normas de certifica\u00e7\u00e3o nacional e internacional.<\/p>\n<p>Para a execu\u00e7\u00e3o de trabalhos em altura com as t\u00e9cnicas de Acesso por cordas, os profissionais dever\u00e3o estar fisicamente aptos, treinados, qualificados e com conhecimentos espec\u00edficos de todos os seus equipamentos e trabalhos.<\/p>\n<p>Nesta atividade os profissionais s\u00e3o certificados em n\u00edveis 1, 2 e 3, sendo sempre supervisionado por um profissional N3.<br \/>\nNossa empresa surgiu com o intuito de ser tornar refer\u00eancia no mercado em nossa \u00e1rea de atua\u00e7\u00e3o. Temos uma equipe totalmente qualificada em diversas normas, eficiente e comprometida em superar todas as expectativas dos nossos clientes.<\/p>\n<p>Atuamos com seguran\u00e7a, seriedade, transpar\u00eancia e sobretudo respeito.<\/p>\n<p>Prezamos sempre pela qualidade do atendimento, estando prontos para atender e satisfazer as necessidades dos cliente<strong>s.<\/strong>[\/vc_column_text][\/vc_column][vc_column offset=&#8221;vc_col-lg-6 vc_col-md-6 vc_col-xs-12&#8243; css=&#8221;.vc_custom_1476005300152{padding-bottom: 50px !important;}&#8221;]<div class=\"shortcode-single-image-wrap alignnone \" style=\"margin-top:0px; margin-bottom:0px; margin-left:0px; margin-right:0px; width:500px;\"><div class=\"shortcode-single-image\"><div class=\"fancy-media-wrap  layzr-bg\" style=\"border-radius:1000px;\"><img loading=\"lazy\" decoding=\"async\" class=\"preload-me lazy-load\" src=\"data:image\/svg+xml,%3Csvg%20xmlns%3D&#39;http%3A%2F%2Fwww.w3.org%2F2000%2Fsvg&#39;%20viewBox%3D&#39;0%200%20500%20500&#39;%2F%3E\" data-src=\"https:\/\/akfalpinismo.com.br\/site2019\/wp-content\/uploads\/2019\/12\/AKF-img-BR-500x500.jpg\" data-srcset=\"https:\/\/akfalpinismo.com.br\/site2019\/wp-content\/uploads\/2019\/12\/AKF-img-BR-500x500.jpg 500w, https:\/\/akfalpinismo.com.br\/site2019\/wp-content\/uploads\/2019\/12\/AKF-img-BR-664x664.jpg 664w\" width=\"500\" height=\"500\"  data-dt-location=\"https:\/\/akfalpinismo.com.br\/site2019\/alpinismo-industrial\/akf-img-br\/\" style=\"border-radius:1000px;\" alt=\"\" \/><\/div><\/div><\/div>[\/vc_column][\/vc_row][vc_row type=&#8221;vc_default&#8221; full_width=&#8221;stretch_row&#8221; equal_height=&#8221;yes&#8221; content_placement=&#8221;middle&#8221; bg_type=&#8221;bg_color&#8221; css=&#8221;.vc_custom_1498804043002{padding-top: 70px !important;padding-bottom: 20px !important;}&#8221; bg_color_value=&#8221;#f5f5f5&#8243;][vc_column css=&#8221;.vc_custom_1498755622313{padding-bottom: 50px !important;}&#8221; offset=&#8221;vc_col-lg-8 vc_col-md-7&#8243;][\/vc_column][vc_column width=&#8221;1\/2&#8243; offset=&#8221;vc_col-lg-offset-0 vc_col-lg-4 vc_col-md-offset-0 vc_col-md-5 vc_col-sm-offset-3 vc_col-xs-offset-2 vc_col-xs-8&#8243; css=&#8221;.vc_custom_1498755704655{padding-bottom: 50px !important;}&#8221;][\/vc_column][\/vc_row]<\/p>\n","protected":false},"excerpt":{"rendered":"<p>[vc_row type=&#8221;vc_default&#8221; css=&#8221;.vc_custom_1476008791393{padding-top: 70px !important;padding-bottom: 25px !important;}&#8221;][vc_column offset=&#8221;vc_col-lg-6 vc_col-md-6 vc_col-xs-12&#8243; css=&#8221;.vc_custom_1476005293248{padding-bottom: 50px !important;}&#8221;][vc_column_text]Temos o intuito de unir as T\u00e9cnicas de Acesso por cordas e servi\u00e7os de manuten\u00e7\u00e3o Industrial, Predial, Resgate e Treinamentos. Sempre trazendo inova\u00e7\u00e3o e tecnologia no modo de atuar, prezando por uma rigorosa gest\u00e3o de seguran\u00e7a, qualidade e cumprimento nos prazos estabelecidos aos&hellip;<\/p>\n","protected":false},"author":1,"featured_media":0,"parent":0,"menu_order":0,"comment_status":"closed","ping_status":"closed","template":"","meta":{"_monsterinsights_skip_tracking":false,"_monsterinsights_sitenote_active":false,"_monsterinsights_sitenote_note":"","_monsterinsights_sitenote_category":0},"yoast_head":"<!-- This site is optimized with the Yoast SEO plugin v22.5 - https:\/\/yoast.com\/wordpress\/plugins\/seo\/ -->\n<title>Quem Somos | AKF APINISMO<\/title>\n<meta name=\"robots\" content=\"index, follow, max-snippet:-1, max-image-preview:large, max-video-preview:-1\" \/>\n<link rel=\"canonical\" href=\"https:\/\/akfalpinismo.com.br\/site2019\/quem-somos\/\" \/>\n<meta property=\"og:locale\" content=\"pt_BR\" \/>\n<meta property=\"og:type\" content=\"article\" \/>\n<meta property=\"og:title\" content=\"Quem Somos | AKF APINISMO\" \/>\n<meta property=\"og:description\" content=\"[vc_row type=&#8221;vc_default&#8221; css=&#8221;.vc_custom_1476008791393{padding-top: 70px !important;padding-bottom: 25px !important;}&#8221;][vc_column offset=&#8221;vc_col-lg-6 vc_col-md-6 vc_col-xs-12&#8243; css=&#8221;.vc_custom_1476005293248{padding-bottom: 50px !important;}&#8221;][vc_column_text]Temos o intuito de unir as T\u00e9cnicas de Acesso por cordas e servi\u00e7os de manuten\u00e7\u00e3o Industrial, Predial, Resgate e Treinamentos. Sempre trazendo inova\u00e7\u00e3o e tecnologia no modo de atuar, prezando por uma rigorosa gest\u00e3o de seguran\u00e7a, qualidade e cumprimento nos prazos estabelecidos aos&hellip;\" \/>\n<meta property=\"og:url\" content=\"https:\/\/akfalpinismo.com.br\/site2019\/quem-somos\/\" \/>\n<meta property=\"og:site_name\" content=\"AKF APINISMO\" \/>\n<meta property=\"article:publisher\" content=\"https:\/\/www.facebook.com\/AKF-Alpinismo-103571307846644\/\" \/>\n<meta property=\"article:modified_time\" content=\"2020-01-13T13:38:54+00:00\" \/>\n<meta name=\"twitter:card\" content=\"summary_large_image\" \/>\n<meta name=\"twitter:label1\" content=\"Est. tempo de leitura\" \/>\n\t<meta name=\"twitter:data1\" content=\"2 minutos\" \/>\n<script type=\"application\/ld+json\" class=\"yoast-schema-graph\">{\"@context\":\"https:\/\/schema.org\",\"@graph\":[{\"@type\":\"WebPage\",\"@id\":\"https:\/\/akfalpinismo.com.br\/site2019\/quem-somos\/\",\"url\":\"https:\/\/akfalpinismo.com.br\/site2019\/quem-somos\/\",\"name\":\"Quem Somos | AKF APINISMO\",\"isPartOf\":{\"@id\":\"https:\/\/akfalpinismo.com.br\/site2019\/#website\"},\"datePublished\":\"2017-03-26T13:10:20+00:00\",\"dateModified\":\"2020-01-13T13:38:54+00:00\",\"breadcrumb\":{\"@id\":\"https:\/\/akfalpinismo.com.br\/site2019\/quem-somos\/#breadcrumb\"},\"inLanguage\":\"pt-BR\",\"potentialAction\":[{\"@type\":\"ReadAction\",\"target\":[\"https:\/\/akfalpinismo.com.br\/site2019\/quem-somos\/\"]}]},{\"@type\":\"BreadcrumbList\",\"@id\":\"https:\/\/akfalpinismo.com.br\/site2019\/quem-somos\/#breadcrumb\",\"itemListElement\":[{\"@type\":\"ListItem\",\"position\":1,\"name\":\"In\u00edcio\",\"item\":\"https:\/\/akfalpinismo.com.br\/site2019\/\"},{\"@type\":\"ListItem\",\"position\":2,\"name\":\"Quem Somos\"}]},{\"@type\":\"WebSite\",\"@id\":\"https:\/\/akfalpinismo.com.br\/site2019\/#website\",\"url\":\"https:\/\/akfalpinismo.com.br\/site2019\/\",\"name\":\"AKF APINISMO\",\"description\":\"Alpinismo Industrial e Predial | Presta\u00e7\u00e3o de Servi\u00e7os de Manuten\u00e7\u00e3o | Linhas de Vida\",\"publisher\":{\"@id\":\"https:\/\/akfalpinismo.com.br\/site2019\/#organization\"},\"potentialAction\":[{\"@type\":\"SearchAction\",\"target\":{\"@type\":\"EntryPoint\",\"urlTemplate\":\"https:\/\/akfalpinismo.com.br\/site2019\/?s={search_term_string}\"},\"query-input\":\"required name=search_term_string\"}],\"inLanguage\":\"pt-BR\"},{\"@type\":\"Organization\",\"@id\":\"https:\/\/akfalpinismo.com.br\/site2019\/#organization\",\"name\":\"Akf Alpinismo\",\"url\":\"https:\/\/akfalpinismo.com.br\/site2019\/\",\"logo\":{\"@type\":\"ImageObject\",\"inLanguage\":\"pt-BR\",\"@id\":\"https:\/\/akfalpinismo.com.br\/site2019\/#\/schema\/logo\/image\/\",\"url\":\"https:\/\/akfalpinismo.com.br\/site2019\/wp-content\/uploads\/2019\/12\/AKF-ALPINISMO-logo-color-100px.png\",\"contentUrl\":\"https:\/\/akfalpinismo.com.br\/site2019\/wp-content\/uploads\/2019\/12\/AKF-ALPINISMO-logo-color-100px.png\",\"width\":100,\"height\":42,\"caption\":\"Akf Alpinismo\"},\"image\":{\"@id\":\"https:\/\/akfalpinismo.com.br\/site2019\/#\/schema\/logo\/image\/\"},\"sameAs\":[\"https:\/\/www.facebook.com\/AKF-Alpinismo-103571307846644\/\"]}]}<\/script>\n<!-- \/ Yoast SEO plugin. -->","yoast_head_json":{"title":"Quem Somos | AKF APINISMO","robots":{"index":"index","follow":"follow","max-snippet":"max-snippet:-1","max-image-preview":"max-image-preview:large","max-video-preview":"max-video-preview:-1"},"canonical":"https:\/\/akfalpinismo.com.br\/site2019\/quem-somos\/","og_locale":"pt_BR","og_type":"article","og_title":"Quem Somos | AKF APINISMO","og_description":"[vc_row type=&#8221;vc_default&#8221; css=&#8221;.vc_custom_1476008791393{padding-top: 70px !important;padding-bottom: 25px !important;}&#8221;][vc_column offset=&#8221;vc_col-lg-6 vc_col-md-6 vc_col-xs-12&#8243; css=&#8221;.vc_custom_1476005293248{padding-bottom: 50px !important;}&#8221;][vc_column_text]Temos o intuito de unir as T\u00e9cnicas de Acesso por cordas e servi\u00e7os de manuten\u00e7\u00e3o Industrial, Predial, Resgate e Treinamentos. Sempre trazendo inova\u00e7\u00e3o e tecnologia no modo de atuar, prezando por uma rigorosa gest\u00e3o de seguran\u00e7a, qualidade e cumprimento nos prazos estabelecidos aos&hellip;","og_url":"https:\/\/akfalpinismo.com.br\/site2019\/quem-somos\/","og_site_name":"AKF APINISMO","article_publisher":"https:\/\/www.facebook.com\/AKF-Alpinismo-103571307846644\/","article_modified_time":"2020-01-13T13:38:54+00:00","twitter_card":"summary_large_image","twitter_misc":{"Est. tempo de leitura":"2 minutos"},"schema":{"@context":"https:\/\/schema.org","@graph":[{"@type":"WebPage","@id":"https:\/\/akfalpinismo.com.br\/site2019\/quem-somos\/","url":"https:\/\/akfalpinismo.com.br\/site2019\/quem-somos\/","name":"Quem Somos | AKF APINISMO","isPartOf":{"@id":"https:\/\/akfalpinismo.com.br\/site2019\/#website"},"datePublished":"2017-03-26T13:10:20+00:00","dateModified":"2020-01-13T13:38:54+00:00","breadcrumb":{"@id":"https:\/\/akfalpinismo.com.br\/site2019\/quem-somos\/#breadcrumb"},"inLanguage":"pt-BR","potentialAction":[{"@type":"ReadAction","target":["https:\/\/akfalpinismo.com.br\/site2019\/quem-somos\/"]}]},{"@type":"BreadcrumbList","@id":"https:\/\/akfalpinismo.com.br\/site2019\/quem-somos\/#breadcrumb","itemListElement":[{"@type":"ListItem","position":1,"name":"In\u00edcio","item":"https:\/\/akfalpinismo.com.br\/site2019\/"},{"@type":"ListItem","position":2,"name":"Quem Somos"}]},{"@type":"WebSite","@id":"https:\/\/akfalpinismo.com.br\/site2019\/#website","url":"https:\/\/akfalpinismo.com.br\/site2019\/","name":"AKF APINISMO","description":"Alpinismo Industrial e Predial | Presta\u00e7\u00e3o de Servi\u00e7os de Manuten\u00e7\u00e3o | Linhas de Vida","publisher":{"@id":"https:\/\/akfalpinismo.com.br\/site2019\/#organization"},"potentialAction":[{"@type":"SearchAction","target":{"@type":"EntryPoint","urlTemplate":"https:\/\/akfalpinismo.com.br\/site2019\/?s={search_term_string}"},"query-input":"required name=search_term_string"}],"inLanguage":"pt-BR"},{"@type":"Organization","@id":"https:\/\/akfalpinismo.com.br\/site2019\/#organization","name":"Akf Alpinismo","url":"https:\/\/akfalpinismo.com.br\/site2019\/","logo":{"@type":"ImageObject","inLanguage":"pt-BR","@id":"https:\/\/akfalpinismo.com.br\/site2019\/#\/schema\/logo\/image\/","url":"https:\/\/akfalpinismo.com.br\/site2019\/wp-content\/uploads\/2019\/12\/AKF-ALPINISMO-logo-color-100px.png","contentUrl":"https:\/\/akfalpinismo.com.br\/site2019\/wp-content\/uploads\/2019\/12\/AKF-ALPINISMO-logo-color-100px.png","width":100,"height":42,"caption":"Akf Alpinismo"},"image":{"@id":"https:\/\/akfalpinismo.com.br\/site2019\/#\/schema\/logo\/image\/"},"sameAs":["https:\/\/www.facebook.com\/AKF-Alpinismo-103571307846644\/"]}]}},"_links":{"self":[{"href":"https:\/\/akfalpinismo.com.br\/site2019\/wp-json\/wp\/v2\/pages\/1113"}],"collection":[{"href":"https:\/\/akfalpinismo.com.br\/site2019\/wp-json\/wp\/v2\/pages"}],"about":[{"href":"https:\/\/akfalpinismo.com.br\/site2019\/wp-json\/wp\/v2\/types\/page"}],"author":[{"embeddable":true,"href":"https:\/\/akfalpinismo.com.br\/site2019\/wp-json\/wp\/v2\/users\/1"}],"replies":[{"embeddable":true,"href":"https:\/\/akfalpinismo.com.br\/site2019\/wp-json\/wp\/v2\/comments?post=1113"}],"version-history":[{"count":14,"href":"https:\/\/akfalpinismo.com.br\/site2019\/wp-json\/wp\/v2\/pages\/1113\/revisions"}],"predecessor-version":[{"id":2165,"href":"https:\/\/akfalpinismo.com.br\/site2019\/wp-json\/wp\/v2\/pages\/1113\/revisions\/2165"}],"wp:attachment":[{"href":"https:\/\/akfalpinismo.com.br\/site2019\/wp-json\/wp\/v2\/media?parent=1113"}],"curies":[{"name":"wp","href":"https:\/\/api.w.org\/{rel}","templated":true}]}}