{"id":111,"date":"2016-12-15T15:06:29","date_gmt":"2016-12-15T15:06:29","guid":{"rendered":"https:\/\/the7.io\/business-one-page\/?page_id=111"},"modified":"2026-02-18T14:07:23","modified_gmt":"2026-02-18T14:07:23","slug":"servicos-alpinismo","status":"publish","type":"page","link":"https:\/\/akfalpinismo.com.br\/site2019\/servicos-alpinismo\/","title":{"rendered":"Servi\u00e7os"},"content":{"rendered":"<p>[vc_row][vc_column]<div id=\"ultimate-heading-45256a00bf8262a42\" class=\"uvc-heading ult-adjust-bottom-margin ultimate-heading-45256a00bf8262a42 uvc-4041 color-title accent-border-color\" data-hspacer=\"line_only\"  data-halign=\"left\" style=\"text-align:left\"><div class=\"uvc-main-heading ult-responsive\"  data-ultimate-target='.uvc-heading.ultimate-heading-45256a00bf8262a42 h2'  data-responsive-json-new='{\"font-size\":\"desktop:34px;\",\"line-height\":\"desktop:44px;\"}' ><h2 style=\"font-weight:bold;margin-bottom:15px;\">Servi\u00e7os de Alpinismo Industrial - CATEGORIAS:<\/h2><\/div><div class=\"uvc-heading-spacer line_only\" style=\"margin-bottom:35px;height:3px;\"><span class=\"uvc-headings-line\" style=\"border-style:solid;border-bottom-width:3px;border-color:#ccc;width:200px;\"><\/span><\/div><div class=\"uvc-sub-heading ult-responsive\"  data-ultimate-target='.uvc-heading.ultimate-heading-45256a00bf8262a42 .uvc-sub-heading '  data-responsive-json-new='{\"font-size\":\"desktop:20px;\",\"line-height\":\"desktop:32px;\"}'  style=\"font-weight:normal;margin-bottom:25px;\"><\/p>\n<h3>Com um grande experi\u00eancia na presta\u00e7\u00e3o de servi\u00e7os diversos, AKF Alpinismo possui uma equipe totalmente qualificada em diversas normas, eficiente e comprometida em superar todas as expectativas dos nossos clientes.<\/h3>\n<p>Realizando Servi\u00e7os de Alpinismo Industrial, a empresa atua com seguran\u00e7a e seriedade. Al\u00e9m de nos relacionar com clientes, parceiros e equipe de trabalho com transpar\u00eancia e sobretudo respeito.<\/p>\n<p>A busca pela qualidade do atendimento e prontid\u00e3o para atender e satisfazer as necessidades dos clientes \u00e9 uma das caracter\u00edsticas da AKF (<a href=\"https:\/\/akfalpinismo.com.br\/site2019\/quem-somos\/\">veja mais sobre a empresa<\/a>). Toda nossa equipe possui qualifica\u00e7\u00e3o que atendem \u00e0s mais exigentes normas de certifica\u00e7\u00e3o nacional e internacional.<\/div><\/div>[vc_empty_space height=&#8221;15px&#8221;]<div id=\"ultimate-heading-31356a00bf8262a6e\" class=\"uvc-heading ult-adjust-bottom-margin ultimate-heading-31356a00bf8262a6e uvc-4946 color-title accent-border-color\" data-hspacer=\"line_only\"  data-halign=\"left\" style=\"text-align:left\"><div class=\"uvc-heading-spacer line_only\" style=\"margin-bottom:35px;height:3px;\"><span class=\"uvc-headings-line\" style=\"border-style:solid;border-bottom-width:3px;border-color:#ccc;width:200px;\"><\/span><\/div><div class=\"uvc-sub-heading ult-responsive\"  data-ultimate-target='.uvc-heading.ultimate-heading-31356a00bf8262a6e .uvc-sub-heading '  data-responsive-json-new='{\"font-size\":\"desktop:20px;\",\"line-height\":\"desktop:32px;\"}'  style=\"font-weight:normal;margin-bottom:25px;\">O uso do Alpinismo Industrial proporciona a realiza\u00e7\u00e3o de diversos servi\u00e7os, como: Manuten\u00e7\u00e3o, Inspe\u00e7\u00e3o, Solda, Instala\u00e7\u00e3o, Limpeza, Restaura\u00e7\u00e3o, Reparos, Veda\u00e7\u00e3o, Impermeabiliza\u00e7\u00e3o, Pintura, Resgate T\u00e9cnico entre outros.<\/div><\/div><div id=\"ultimate-heading-16436a00bf8262a89\" class=\"uvc-heading ult-adjust-bottom-margin ultimate-heading-16436a00bf8262a89 uvc-9865 color-title accent-border-color\" data-hspacer=\"line_only\"  data-halign=\"left\" style=\"text-align:left\"><div class=\"uvc-heading-spacer line_only\" style=\"margin-bottom:35px;height:3px;\"><span class=\"uvc-headings-line\" style=\"border-style:solid;border-bottom-width:3px;border-color:#ccc;width:200px;\"><\/span><\/div><div class=\"uvc-sub-heading ult-responsive\"  data-ultimate-target='.uvc-heading.ultimate-heading-16436a00bf8262a89 .uvc-sub-heading '  data-responsive-json-new='{\"font-size\":\"desktop:20px;\",\"line-height\":\"desktop:32px;\"}'  style=\"font-weight:normal;margin-bottom:25px;\"><\/p>\n<h4>Clique nas categorias abaixo para saber detalhes dos servi\u00e7os:<\/h4>\n<p><\/div><\/div>[vc_empty_space height=&#8221;14px&#8221;][\/vc_column][\/vc_row][vc_row][vc_column width=&#8221;1\/3&#8243;][vc_empty_space height=&#8221;15px&#8221;][vc_single_image image=&#8221;2398&#8243; img_size=&#8221;300&#215;300&#8243; style=&#8221;vc_box_circle&#8221; image_hovers=&#8221;false&#8221; lazy_loading=&#8221;true&#8221; css=&#8221;.vc_custom_1594855757619{padding-bottom: 30px !important;}&#8221;]<div id=\"ultimate-heading-63786a00bf8262aa3\" class=\"uvc-heading ult-adjust-bottom-margin ultimate-heading-63786a00bf8262aa3 uvc-8877 color-title accent-border-color\" data-hspacer=\"line_only\"  data-halign=\"left\" style=\"text-align:left\"><div class=\"uvc-main-heading ult-responsive\"  data-ultimate-target='.uvc-heading.ultimate-heading-63786a00bf8262aa3 h3'  data-responsive-json-new='{\"font-size\":\"desktop:34px;\",\"line-height\":\"desktop:44px;\"}' ><h3 style=\"font-weight:bold;margin-bottom:15px;\">Servi\u00e7os | Alpinismo Industrial<\/h3><\/div><div class=\"uvc-heading-spacer line_only\" style=\"margin-bottom:35px;height:3px;\"><span class=\"uvc-headings-line\" style=\"border-style:solid;border-bottom-width:3px;border-color:#ccc;width:200px;\"><\/span><\/div><div class=\"uvc-sub-heading ult-responsive\"  data-ultimate-target='.uvc-heading.ultimate-heading-63786a00bf8262aa3 .uvc-sub-heading '  data-responsive-json-new='{\"font-size\":\"desktop:20px;\",\"line-height\":\"desktop:32px;\"}'  style=\"font-weight:normal;margin-bottom:25px;\">Alpinismo Industrial para manuten\u00e7\u00e3o, inspe\u00e7\u00e3o e resgate. Atendemos a variados tipos de ind\u00fastrias, empresas, portos, entre outros&#8230; Confira mais.<\/div><\/div>[vc_empty_space height=&#8221;8px&#8221;][vc_btn title=&#8221;VER MAIS&#8221; color=&#8221;warning&#8221; size=&#8221;lg&#8221; align=&#8221;left&#8221; link=&#8221;url:http%3A%2F%2Fakfalpinismo.com.br%2Fsite2019%2Falpinismo-industrial%2F|title:Contato||&#8221;][vc_empty_space height=&#8221;14px&#8221;][\/vc_column][vc_column width=&#8221;1\/3&#8243;][vc_empty_space height=&#8221;15px&#8221;][vc_single_image image=&#8221;2349&#8243; img_size=&#8221;300&#215;300&#8243; style=&#8221;vc_box_circle&#8221; image_hovers=&#8221;false&#8221; lazy_loading=&#8221;true&#8221; css=&#8221;.vc_custom_1594855886755{padding-bottom: 30px !important;}&#8221;]<div id=\"ultimate-heading-41246a00bf8262abd\" class=\"uvc-heading ult-adjust-bottom-margin ultimate-heading-41246a00bf8262abd uvc-9124 color-title accent-border-color\" data-hspacer=\"line_only\"  data-halign=\"left\" style=\"text-align:left\"><div class=\"uvc-main-heading ult-responsive\"  data-ultimate-target='.uvc-heading.ultimate-heading-41246a00bf8262abd h3'  data-responsive-json-new='{\"font-size\":\"desktop:34px;\",\"line-height\":\"desktop:44px;\"}' ><h3 style=\"font-weight:bold;margin-bottom:15px;\">Servi\u00e7os | Alpinismo Predial<\/h3><\/div><div class=\"uvc-heading-spacer line_only\" style=\"margin-bottom:35px;height:3px;\"><span class=\"uvc-headings-line\" style=\"border-style:solid;border-bottom-width:3px;border-color:#ccc;width:200px;\"><\/span><\/div><div class=\"uvc-sub-heading ult-responsive\"  data-ultimate-target='.uvc-heading.ultimate-heading-41246a00bf8262abd .uvc-sub-heading '  data-responsive-json-new='{\"font-size\":\"desktop:20px;\",\"line-height\":\"desktop:32px;\"}'  style=\"font-weight:normal;margin-bottom:25px;\">Atua\u00e7\u00e3o em edifica\u00e7\u00f5es comerciais, residenciais e outras com servi\u00e7os de manuten\u00e7\u00e3o, inspe\u00e7\u00e3o, entre outros. Confira mais detalhes.<\/div><\/div>[vc_empty_space height=&#8221;8px&#8221;][vc_btn title=&#8221;VER MAIS&#8221; color=&#8221;warning&#8221; size=&#8221;lg&#8221; align=&#8221;left&#8221; link=&#8221;url:http%3A%2F%2Fakfalpinismo.com.br%2Fsite2019%2Falpinismo-predial%2F|title:Contato||&#8221;][vc_empty_space height=&#8221;14px&#8221;][\/vc_column][vc_column width=&#8221;1\/3&#8243;][vc_empty_space height=&#8221;15px&#8221;][vc_single_image image=&#8221;2075&#8243; img_size=&#8221;300&#215;300&#8243; style=&#8221;vc_box_circle&#8221; image_hovers=&#8221;false&#8221; lazy_loading=&#8221;true&#8221; css=&#8221;.vc_custom_1594855999310{padding-bottom: 30px !important;}&#8221;]<div id=\"ultimate-heading-27966a00bf8262ad6\" class=\"uvc-heading ult-adjust-bottom-margin ultimate-heading-27966a00bf8262ad6 uvc-6252 color-title accent-border-color\" data-hspacer=\"line_only\"  data-halign=\"left\" style=\"text-align:left\"><div class=\"uvc-main-heading ult-responsive\"  data-ultimate-target='.uvc-heading.ultimate-heading-27966a00bf8262ad6 h3'  data-responsive-json-new='{\"font-size\":\"desktop:34px;\",\"line-height\":\"desktop:44px;\"}' ><h3 style=\"font-weight:bold;margin-bottom:15px;\">Servi\u00e7os | Linha de Vida (completo)<\/h3><\/div><div class=\"uvc-heading-spacer line_only\" style=\"margin-bottom:35px;height:3px;\"><span class=\"uvc-headings-line\" style=\"border-style:solid;border-bottom-width:3px;border-color:#ccc;width:200px;\"><\/span><\/div><div class=\"uvc-sub-heading ult-responsive\"  data-ultimate-target='.uvc-heading.ultimate-heading-27966a00bf8262ad6 .uvc-sub-heading '  data-responsive-json-new='{\"font-size\":\"desktop:20px;\",\"line-height\":\"desktop:32px;\"}'  style=\"font-weight:normal;margin-bottom:25px;\">Servi\u00e7os de avalia\u00e7\u00e3o de linha de vida, confec\u00e7\u00e3o, montagem, manuten\u00e7\u00e3o e c\u00e1lculos estruturais. Confira mais informa\u00e7\u00f5es.<\/div><\/div>[vc_empty_space height=&#8221;8px&#8221;][vc_btn title=&#8221;VER MAIS&#8221; color=&#8221;warning&#8221; size=&#8221;lg&#8221; align=&#8221;left&#8221; link=&#8221;url:http%3A%2F%2Fakfalpinismo.com.br%2Fsite2019%2Falpinismo-predial%2F|title:Contato||&#8221;][vc_empty_space height=&#8221;14px&#8221;][\/vc_column][\/vc_row][vc_row][vc_column width=&#8221;2\/3&#8243;][vc_empty_space height=&#8221;46px&#8221;]<div id=\"ultimate-heading-3716a00bf8262aee\" class=\"uvc-heading ult-adjust-bottom-margin ultimate-heading-3716a00bf8262aee uvc-5375 color-title accent-border-color\" data-hspacer=\"line_only\"  data-halign=\"left\" style=\"text-align:left\"><div class=\"uvc-main-heading ult-responsive\"  data-ultimate-target='.uvc-heading.ultimate-heading-3716a00bf8262aee h4'  data-responsive-json-new='{\"font-size\":\"desktop:34px;\",\"line-height\":\"desktop:44px;\"}' ><h4 style=\"font-weight:bold;margin-bottom:15px;\">Capacita\u00e7\u00e3o T\u00e9cnica<\/h4><\/div><div class=\"uvc-heading-spacer line_only\" style=\"margin-bottom:35px;height:3px;\"><span class=\"uvc-headings-line\" style=\"border-style:solid;border-bottom-width:3px;border-color:#ccc;width:200px;\"><\/span><\/div><\/div>[\/vc_column][vc_column width=&#8221;1\/3&#8243;][\/vc_column][\/vc_row][vc_row][vc_column width=&#8221;2\/3&#8243;][vc_row_inner][vc_column_inner width=&#8221;1\/2&#8243;][vc_column_text]\u2022 OPERA\u00c7\u00c3O DE PLATAFORMA DE TRABALHO A\u00c9REO<br \/>\n\u2022 PINTURA INDUSTRIAL E PREDIAL<br \/>\n\u2022 USO E MANUSEIO DE FERRAMENTAS E M\u00c1QUINAS<br \/>\n\u2022 SOLDA E CALDERARIA<br \/>\n\u2022 INSPE\u00c7\u00d5ES END[\/vc_column_text][\/vc_column_inner][vc_column_inner width=&#8221;1\/2&#8243;][vc_column_text]\u2022 NR-35 ANEXO 01<br \/>\n\u2022 NBR-15475 E NBR-15595<br \/>\n\u2022 RESGATE EM ALTURA<br \/>\n\u2022 TREINAMENTO EM ALTURA<br \/>\n\u2022 PRIMEIRO SOCORROS[\/vc_column_text][\/vc_column_inner][\/vc_row_inner][\/vc_column][vc_column width=&#8221;1\/3&#8243;][vc_empty_space height=&#8221;46px&#8221;]<div id=\"ultimate-heading-83896a00bf8262b06\" class=\"uvc-heading ult-adjust-bottom-margin ultimate-heading-83896a00bf8262b06 uvc-428 color-title accent-border-color\" data-hspacer=\"line_only\"  data-halign=\"left\" style=\"text-align:left\"><div class=\"uvc-main-heading ult-responsive\"  data-ultimate-target='.uvc-heading.ultimate-heading-83896a00bf8262b06 h4'  data-responsive-json-new='{\"font-size\":\"desktop:34px;\",\"line-height\":\"desktop:44px;\"}' ><h4 style=\"font-weight:bold;margin-bottom:15px;\">Fale Consoco:<\/h4><\/div><div class=\"uvc-heading-spacer line_only\" style=\"margin-bottom:35px;height:3px;\"><span class=\"uvc-headings-line\" style=\"border-style:solid;border-bottom-width:3px;border-color:#ccc;width:200px;\"><\/span><\/div><\/div>[vc_empty_space height=&#8221;14px&#8221;][vc_btn title=&#8221;ENVIAR E-MAIL&#8221; color=&#8221;warning&#8221; size=&#8221;lg&#8221; align=&#8221;left&#8221; button_block=&#8221;true&#8221; link=&#8221;url:https%3A%2F%2Fakfalpinismo.com.br%2Fsite2019%2Fempresa-de-alpinismo-industrial-contato%2F|title:Contato||&#8221;][\/vc_column][\/vc_row]<\/p>\n","protected":false},"excerpt":{"rendered":"<p>[vc_row][vc_column][vc_empty_space height=&#8221;15px&#8221;][vc_empty_space height=&#8221;14px&#8221;][\/vc_column][\/vc_row][vc_row][vc_column width=&#8221;1\/3&#8243;][vc_empty_space height=&#8221;15px&#8221;][vc_single_image image=&#8221;2398&#8243; img_size=&#8221;300&#215;300&#8243; style=&#8221;vc_box_circle&#8221; image_hovers=&#8221;false&#8221; lazy_loading=&#8221;true&#8221; css=&#8221;.vc_custom_1594855757619{padding-bottom: 30px !important;}&#8221;][vc_empty_space height=&#8221;8px&#8221;][vc_btn title=&#8221;VER MAIS&#8221; color=&#8221;warning&#8221; size=&#8221;lg&#8221; align=&#8221;left&#8221; link=&#8221;url:http%3A%2F%2Fakfalpinismo.com.br%2Fsite2019%2Falpinismo-industrial%2F|title:Contato||&#8221;][vc_empty_space height=&#8221;14px&#8221;][\/vc_column][vc_column width=&#8221;1\/3&#8243;][vc_empty_space height=&#8221;15px&#8221;][vc_single_image image=&#8221;2349&#8243; img_size=&#8221;300&#215;300&#8243; style=&#8221;vc_box_circle&#8221; image_hovers=&#8221;false&#8221; lazy_loading=&#8221;true&#8221; css=&#8221;.vc_custom_1594855886755{padding-bottom: 30px !important;}&#8221;][vc_empty_space height=&#8221;8px&#8221;][vc_btn title=&#8221;VER MAIS&#8221; color=&#8221;warning&#8221; size=&#8221;lg&#8221; align=&#8221;left&#8221; link=&#8221;url:http%3A%2F%2Fakfalpinismo.com.br%2Fsite2019%2Falpinismo-predial%2F|title:Contato||&#8221;][vc_empty_space height=&#8221;14px&#8221;][\/vc_column][vc_column width=&#8221;1\/3&#8243;][vc_empty_space height=&#8221;15px&#8221;][vc_single_image image=&#8221;2075&#8243; img_size=&#8221;300&#215;300&#8243; style=&#8221;vc_box_circle&#8221; image_hovers=&#8221;false&#8221; lazy_loading=&#8221;true&#8221; css=&#8221;.vc_custom_1594855999310{padding-bottom: 30px !important;}&#8221;][vc_empty_space height=&#8221;8px&#8221;][vc_btn title=&#8221;VER MAIS&#8221; color=&#8221;warning&#8221; size=&#8221;lg&#8221; align=&#8221;left&#8221;&hellip;<\/p>\n","protected":false},"author":3,"featured_media":2383,"parent":0,"menu_order":0,"comment_status":"closed","ping_status":"closed","template":"","meta":{"_monsterinsights_skip_tracking":false,"_monsterinsights_sitenote_active":false,"_monsterinsights_sitenote_note":"","_monsterinsights_sitenote_category":0},"yoast_head":"<!-- This site is optimized with the Yoast SEO plugin v22.5 - https:\/\/yoast.com\/wordpress\/plugins\/seo\/ -->\n<title>AKF APINISMO | Servi\u00e7os de Alpinismo Industrial - Manuten\u00e7\u00e3o e Resgate<\/title>\n<meta name=\"description\" content=\"Servi\u00e7os de manuten\u00e7\u00e3o, inspe\u00e7\u00e3o, resgate realizados com Alpinismo Industrial \/ Rapel industrial \/ Acesso por cordas. Excel\u00eancia em atendimento e servi\u00e7os.\" \/>\n<meta name=\"robots\" content=\"index, follow, max-snippet:-1, max-image-preview:large, max-video-preview:-1\" \/>\n<link rel=\"canonical\" href=\"https:\/\/akfalpinismo.com.br\/site2019\/servicos-alpinismo\/\" \/>\n<meta property=\"og:locale\" content=\"pt_BR\" \/>\n<meta property=\"og:type\" content=\"article\" \/>\n<meta property=\"og:title\" content=\"AKF APINISMO | Servi\u00e7os de Alpinismo Industrial - Manuten\u00e7\u00e3o e Resgate\" \/>\n<meta property=\"og:description\" content=\"Servi\u00e7os de manuten\u00e7\u00e3o, inspe\u00e7\u00e3o, resgate realizados com Alpinismo Industrial \/ Rapel industrial \/ Acesso por cordas. Excel\u00eancia em atendimento e servi\u00e7os.\" \/>\n<meta property=\"og:url\" content=\"https:\/\/akfalpinismo.com.br\/site2019\/servicos-alpinismo\/\" \/>\n<meta property=\"og:site_name\" content=\"AKF APINISMO\" \/>\n<meta property=\"article:publisher\" content=\"https:\/\/www.facebook.com\/AKF-Alpinismo-103571307846644\/\" \/>\n<meta property=\"article:modified_time\" content=\"2026-02-18T14:07:23+00:00\" \/>\n<meta property=\"og:image\" content=\"http:\/\/akfalpinismo.com.br\/site2019\/wp-content\/uploads\/2020\/07\/IMG_20160923_112317795.jpg\" \/>\n\t<meta property=\"og:image:width\" content=\"1024\" \/>\n\t<meta property=\"og:image:height\" content=\"575\" \/>\n\t<meta property=\"og:image:type\" content=\"image\/jpeg\" \/>\n<meta name=\"twitter:card\" content=\"summary_large_image\" \/>\n<meta name=\"twitter:label1\" content=\"Est. tempo de leitura\" \/>\n\t<meta name=\"twitter:data1\" content=\"3 minutos\" \/>\n<script type=\"application\/ld+json\" class=\"yoast-schema-graph\">{\"@context\":\"https:\/\/schema.org\",\"@graph\":[{\"@type\":\"WebPage\",\"@id\":\"https:\/\/akfalpinismo.com.br\/site2019\/servicos-alpinismo\/\",\"url\":\"https:\/\/akfalpinismo.com.br\/site2019\/servicos-alpinismo\/\",\"name\":\"AKF APINISMO | Servi\u00e7os de Alpinismo Industrial - Manuten\u00e7\u00e3o e Resgate\",\"isPartOf\":{\"@id\":\"https:\/\/akfalpinismo.com.br\/site2019\/#website\"},\"primaryImageOfPage\":{\"@id\":\"https:\/\/akfalpinismo.com.br\/site2019\/servicos-alpinismo\/#primaryimage\"},\"image\":{\"@id\":\"https:\/\/akfalpinismo.com.br\/site2019\/servicos-alpinismo\/#primaryimage\"},\"thumbnailUrl\":\"https:\/\/akfalpinismo.com.br\/site2019\/wp-content\/uploads\/2020\/07\/IMG_20160923_112317795.jpg\",\"datePublished\":\"2016-12-15T15:06:29+00:00\",\"dateModified\":\"2026-02-18T14:07:23+00:00\",\"description\":\"Servi\u00e7os de manuten\u00e7\u00e3o, inspe\u00e7\u00e3o, resgate realizados com Alpinismo Industrial \/ Rapel industrial \/ Acesso por cordas. Excel\u00eancia em atendimento e servi\u00e7os.\",\"breadcrumb\":{\"@id\":\"https:\/\/akfalpinismo.com.br\/site2019\/servicos-alpinismo\/#breadcrumb\"},\"inLanguage\":\"pt-BR\",\"potentialAction\":[{\"@type\":\"ReadAction\",\"target\":[\"https:\/\/akfalpinismo.com.br\/site2019\/servicos-alpinismo\/\"]}]},{\"@type\":\"ImageObject\",\"inLanguage\":\"pt-BR\",\"@id\":\"https:\/\/akfalpinismo.com.br\/site2019\/servicos-alpinismo\/#primaryimage\",\"url\":\"https:\/\/akfalpinismo.com.br\/site2019\/wp-content\/uploads\/2020\/07\/IMG_20160923_112317795.jpg\",\"contentUrl\":\"https:\/\/akfalpinismo.com.br\/site2019\/wp-content\/uploads\/2020\/07\/IMG_20160923_112317795.jpg\",\"width\":1024,\"height\":575,\"caption\":\"Servi\u00e7os de Alpinismo Industrial\"},{\"@type\":\"BreadcrumbList\",\"@id\":\"https:\/\/akfalpinismo.com.br\/site2019\/servicos-alpinismo\/#breadcrumb\",\"itemListElement\":[{\"@type\":\"ListItem\",\"position\":1,\"name\":\"In\u00edcio\",\"item\":\"https:\/\/akfalpinismo.com.br\/site2019\/\"},{\"@type\":\"ListItem\",\"position\":2,\"name\":\"Servi\u00e7os\"}]},{\"@type\":\"WebSite\",\"@id\":\"https:\/\/akfalpinismo.com.br\/site2019\/#website\",\"url\":\"https:\/\/akfalpinismo.com.br\/site2019\/\",\"name\":\"AKF APINISMO\",\"description\":\"Alpinismo Industrial e Predial | Presta\u00e7\u00e3o de Servi\u00e7os de Manuten\u00e7\u00e3o | Linhas de Vida\",\"publisher\":{\"@id\":\"https:\/\/akfalpinismo.com.br\/site2019\/#organization\"},\"potentialAction\":[{\"@type\":\"SearchAction\",\"target\":{\"@type\":\"EntryPoint\",\"urlTemplate\":\"https:\/\/akfalpinismo.com.br\/site2019\/?s={search_term_string}\"},\"query-input\":\"required name=search_term_string\"}],\"inLanguage\":\"pt-BR\"},{\"@type\":\"Organization\",\"@id\":\"https:\/\/akfalpinismo.com.br\/site2019\/#organization\",\"name\":\"Akf Alpinismo\",\"url\":\"https:\/\/akfalpinismo.com.br\/site2019\/\",\"logo\":{\"@type\":\"ImageObject\",\"inLanguage\":\"pt-BR\",\"@id\":\"https:\/\/akfalpinismo.com.br\/site2019\/#\/schema\/logo\/image\/\",\"url\":\"https:\/\/akfalpinismo.com.br\/site2019\/wp-content\/uploads\/2019\/12\/AKF-ALPINISMO-logo-color-100px.png\",\"contentUrl\":\"https:\/\/akfalpinismo.com.br\/site2019\/wp-content\/uploads\/2019\/12\/AKF-ALPINISMO-logo-color-100px.png\",\"width\":100,\"height\":42,\"caption\":\"Akf Alpinismo\"},\"image\":{\"@id\":\"https:\/\/akfalpinismo.com.br\/site2019\/#\/schema\/logo\/image\/\"},\"sameAs\":[\"https:\/\/www.facebook.com\/AKF-Alpinismo-103571307846644\/\"]}]}<\/script>\n<!-- \/ Yoast SEO plugin. -->","yoast_head_json":{"title":"AKF APINISMO | Servi\u00e7os de Alpinismo Industrial - Manuten\u00e7\u00e3o e Resgate","description":"Servi\u00e7os de manuten\u00e7\u00e3o, inspe\u00e7\u00e3o, resgate realizados com Alpinismo Industrial \/ Rapel industrial \/ Acesso por cordas. Excel\u00eancia em atendimento e servi\u00e7os.","robots":{"index":"index","follow":"follow","max-snippet":"max-snippet:-1","max-image-preview":"max-image-preview:large","max-video-preview":"max-video-preview:-1"},"canonical":"https:\/\/akfalpinismo.com.br\/site2019\/servicos-alpinismo\/","og_locale":"pt_BR","og_type":"article","og_title":"AKF APINISMO | Servi\u00e7os de Alpinismo Industrial - Manuten\u00e7\u00e3o e Resgate","og_description":"Servi\u00e7os de manuten\u00e7\u00e3o, inspe\u00e7\u00e3o, resgate realizados com Alpinismo Industrial \/ Rapel industrial \/ Acesso por cordas. Excel\u00eancia em atendimento e servi\u00e7os.","og_url":"https:\/\/akfalpinismo.com.br\/site2019\/servicos-alpinismo\/","og_site_name":"AKF APINISMO","article_publisher":"https:\/\/www.facebook.com\/AKF-Alpinismo-103571307846644\/","article_modified_time":"2026-02-18T14:07:23+00:00","og_image":[{"width":1024,"height":575,"url":"http:\/\/akfalpinismo.com.br\/site2019\/wp-content\/uploads\/2020\/07\/IMG_20160923_112317795.jpg","type":"image\/jpeg"}],"twitter_card":"summary_large_image","twitter_misc":{"Est. tempo de leitura":"3 minutos"},"schema":{"@context":"https:\/\/schema.org","@graph":[{"@type":"WebPage","@id":"https:\/\/akfalpinismo.com.br\/site2019\/servicos-alpinismo\/","url":"https:\/\/akfalpinismo.com.br\/site2019\/servicos-alpinismo\/","name":"AKF APINISMO | Servi\u00e7os de Alpinismo Industrial - Manuten\u00e7\u00e3o e Resgate","isPartOf":{"@id":"https:\/\/akfalpinismo.com.br\/site2019\/#website"},"primaryImageOfPage":{"@id":"https:\/\/akfalpinismo.com.br\/site2019\/servicos-alpinismo\/#primaryimage"},"image":{"@id":"https:\/\/akfalpinismo.com.br\/site2019\/servicos-alpinismo\/#primaryimage"},"thumbnailUrl":"https:\/\/akfalpinismo.com.br\/site2019\/wp-content\/uploads\/2020\/07\/IMG_20160923_112317795.jpg","datePublished":"2016-12-15T15:06:29+00:00","dateModified":"2026-02-18T14:07:23+00:00","description":"Servi\u00e7os de manuten\u00e7\u00e3o, inspe\u00e7\u00e3o, resgate realizados com Alpinismo Industrial \/ Rapel industrial \/ Acesso por cordas. Excel\u00eancia em atendimento e servi\u00e7os.","breadcrumb":{"@id":"https:\/\/akfalpinismo.com.br\/site2019\/servicos-alpinismo\/#breadcrumb"},"inLanguage":"pt-BR","potentialAction":[{"@type":"ReadAction","target":["https:\/\/akfalpinismo.com.br\/site2019\/servicos-alpinismo\/"]}]},{"@type":"ImageObject","inLanguage":"pt-BR","@id":"https:\/\/akfalpinismo.com.br\/site2019\/servicos-alpinismo\/#primaryimage","url":"https:\/\/akfalpinismo.com.br\/site2019\/wp-content\/uploads\/2020\/07\/IMG_20160923_112317795.jpg","contentUrl":"https:\/\/akfalpinismo.com.br\/site2019\/wp-content\/uploads\/2020\/07\/IMG_20160923_112317795.jpg","width":1024,"height":575,"caption":"Servi\u00e7os de Alpinismo Industrial"},{"@type":"BreadcrumbList","@id":"https:\/\/akfalpinismo.com.br\/site2019\/servicos-alpinismo\/#breadcrumb","itemListElement":[{"@type":"ListItem","position":1,"name":"In\u00edcio","item":"https:\/\/akfalpinismo.com.br\/site2019\/"},{"@type":"ListItem","position":2,"name":"Servi\u00e7os"}]},{"@type":"WebSite","@id":"https:\/\/akfalpinismo.com.br\/site2019\/#website","url":"https:\/\/akfalpinismo.com.br\/site2019\/","name":"AKF APINISMO","description":"Alpinismo Industrial e Predial | Presta\u00e7\u00e3o de Servi\u00e7os de Manuten\u00e7\u00e3o | Linhas de Vida","publisher":{"@id":"https:\/\/akfalpinismo.com.br\/site2019\/#organization"},"potentialAction":[{"@type":"SearchAction","target":{"@type":"EntryPoint","urlTemplate":"https:\/\/akfalpinismo.com.br\/site2019\/?s={search_term_string}"},"query-input":"required name=search_term_string"}],"inLanguage":"pt-BR"},{"@type":"Organization","@id":"https:\/\/akfalpinismo.com.br\/site2019\/#organization","name":"Akf Alpinismo","url":"https:\/\/akfalpinismo.com.br\/site2019\/","logo":{"@type":"ImageObject","inLanguage":"pt-BR","@id":"https:\/\/akfalpinismo.com.br\/site2019\/#\/schema\/logo\/image\/","url":"https:\/\/akfalpinismo.com.br\/site2019\/wp-content\/uploads\/2019\/12\/AKF-ALPINISMO-logo-color-100px.png","contentUrl":"https:\/\/akfalpinismo.com.br\/site2019\/wp-content\/uploads\/2019\/12\/AKF-ALPINISMO-logo-color-100px.png","width":100,"height":42,"caption":"Akf Alpinismo"},"image":{"@id":"https:\/\/akfalpinismo.com.br\/site2019\/#\/schema\/logo\/image\/"},"sameAs":["https:\/\/www.facebook.com\/AKF-Alpinismo-103571307846644\/"]}]}},"_links":{"self":[{"href":"https:\/\/akfalpinismo.com.br\/site2019\/wp-json\/wp\/v2\/pages\/111"}],"collection":[{"href":"https:\/\/akfalpinismo.com.br\/site2019\/wp-json\/wp\/v2\/pages"}],"about":[{"href":"https:\/\/akfalpinismo.com.br\/site2019\/wp-json\/wp\/v2\/types\/page"}],"author":[{"embeddable":true,"href":"https:\/\/akfalpinismo.com.br\/site2019\/wp-json\/wp\/v2\/users\/3"}],"replies":[{"embeddable":true,"href":"https:\/\/akfalpinismo.com.br\/site2019\/wp-json\/wp\/v2\/comments?post=111"}],"version-history":[{"count":55,"href":"https:\/\/akfalpinismo.com.br\/site2019\/wp-json\/wp\/v2\/pages\/111\/revisions"}],"predecessor-version":[{"id":2719,"href":"https:\/\/akfalpinismo.com.br\/site2019\/wp-json\/wp\/v2\/pages\/111\/revisions\/2719"}],"wp:featuredmedia":[{"embeddable":true,"href":"https:\/\/akfalpinismo.com.br\/site2019\/wp-json\/wp\/v2\/media\/2383"}],"wp:attachment":[{"href":"https:\/\/akfalpinismo.com.br\/site2019\/wp-json\/wp\/v2\/media?parent=111"}],"curies":[{"name":"wp","href":"https:\/\/api.w.org\/{rel}","templated":true}]}}